{"id":551,"date":"2024-04-22T18:38:00","date_gmt":"2024-04-22T16:38:00","guid":{"rendered":"https:\/\/adanermurcia.com\/?page_id=551"},"modified":"2024-04-28T13:16:48","modified_gmt":"2024-04-28T11:16:48","slug":"elena-serrano","status":"publish","type":"page","link":"https:\/\/adanermurcia.com\/index.php\/elena-serrano\/","title":{"rendered":"Elena Serrano"},"content":{"rendered":"\t\t<div data-elementor-type=\"wp-page\" data-elementor-id=\"551\" class=\"elementor elementor-551\" data-elementor-post-type=\"page\">\n\t\t\t\t<div class=\"elementor-element elementor-element-1c59349 e-flex e-con-boxed e-con e-parent\" data-id=\"1c59349\" data-element_type=\"container\">\n\t\t\t\t\t<div class=\"e-con-inner\">\n\t\t\t\t<div class=\"elementor-element elementor-element-ba4c4fb elementor-widget elementor-widget-spacer\" data-id=\"ba4c4fb\" data-element_type=\"widget\" data-widget_type=\"spacer.default\">\n\t\t\t\t<div class=\"elementor-widget-container\">\n\t\t\t<style>\/*! elementor - v3.21.0 - 30-04-2024 *\/\n.elementor-column .elementor-spacer-inner{height:var(--spacer-size)}.e-con{--container-widget-width:100%}.e-con-inner>.elementor-widget-spacer,.e-con>.elementor-widget-spacer{width:var(--container-widget-width,var(--spacer-size));--align-self:var(--container-widget-align-self,initial);--flex-shrink:0}.e-con-inner>.elementor-widget-spacer>.elementor-widget-container,.e-con>.elementor-widget-spacer>.elementor-widget-container{height:100%;width:100%}.e-con-inner>.elementor-widget-spacer>.elementor-widget-container>.elementor-spacer,.e-con>.elementor-widget-spacer>.elementor-widget-container>.elementor-spacer{height:100%}.e-con-inner>.elementor-widget-spacer>.elementor-widget-container>.elementor-spacer>.elementor-spacer-inner,.e-con>.elementor-widget-spacer>.elementor-widget-container>.elementor-spacer>.elementor-spacer-inner{height:var(--container-widget-height,var(--spacer-size))}.e-con-inner>.elementor-widget-spacer.elementor-widget-empty,.e-con>.elementor-widget-spacer.elementor-widget-empty{position:relative;min-height:22px;min-width:22px}.e-con-inner>.elementor-widget-spacer.elementor-widget-empty .elementor-widget-empty-icon,.e-con>.elementor-widget-spacer.elementor-widget-empty .elementor-widget-empty-icon{position:absolute;top:0;bottom:0;left:0;right:0;margin:auto;padding:0;width:22px;height:22px}<\/style>\t\t<div class=\"elementor-spacer\">\n\t\t\t<div class=\"elementor-spacer-inner\"><\/div>\n\t\t<\/div>\n\t\t\t\t<\/div>\n\t\t\t\t<\/div>\n\t\t\t\t\t<\/div>\n\t\t\t\t<\/div>\n\t\t<div class=\"elementor-element elementor-element-47e47cf e-grid e-con-boxed e-con e-parent\" data-id=\"47e47cf\" data-element_type=\"container\" data-settings=\"{&quot;background_background&quot;:&quot;classic&quot;}\">\n\t\t\t\t\t<div class=\"e-con-inner\">\n\t\t<div class=\"elementor-element elementor-element-da1e7b2 e-grid e-con-boxed e-con e-child\" data-id=\"da1e7b2\" data-element_type=\"container\" data-settings=\"{&quot;background_background&quot;:&quot;classic&quot;}\">\n\t\t\t\t\t<div class=\"e-con-inner\">\n\t\t\t\t<div class=\"elementor-element elementor-element-0af3dfb elementor-widget elementor-widget-image\" data-id=\"0af3dfb\" data-element_type=\"widget\" data-widget_type=\"image.default\">\n\t\t\t\t<div class=\"elementor-widget-container\">\n\t\t\t<style>\/*! elementor - v3.21.0 - 30-04-2024 *\/\n.elementor-widget-image{text-align:center}.elementor-widget-image a{display:inline-block}.elementor-widget-image a img[src$=\".svg\"]{width:48px}.elementor-widget-image img{vertical-align:middle;display:inline-block}<\/style>\t\t\t\t\t\t\t\t\t\t<img fetchpriority=\"high\" decoding=\"async\" width=\"1000\" height=\"1000\" src=\"https:\/\/adanermurcia.com\/wp-content\/uploads\/2024\/04\/Elena-Serrano-Nortes.png\" class=\"attachment-large size-large wp-image-430\" alt=\"\" srcset=\"https:\/\/adanermurcia.com\/wp-content\/uploads\/2024\/04\/Elena-Serrano-Nortes.png 1000w, https:\/\/adanermurcia.com\/wp-content\/uploads\/2024\/04\/Elena-Serrano-Nortes-300x300.png 300w, https:\/\/adanermurcia.com\/wp-content\/uploads\/2024\/04\/Elena-Serrano-Nortes-150x150.png 150w, https:\/\/adanermurcia.com\/wp-content\/uploads\/2024\/04\/Elena-Serrano-Nortes-768x768.png 768w\" sizes=\"(max-width: 1000px) 100vw, 1000px\" \/>\t\t\t\t\t\t\t\t\t\t\t\t\t<\/div>\n\t\t\t\t<\/div>\n\t\t\t\t\t<\/div>\n\t\t\t\t<\/div>\n\t\t\t\t<div class=\"elementor-element elementor-element-ba4e05d elementor-widget elementor-widget-html\" data-id=\"ba4e05d\" data-element_type=\"widget\" data-widget_type=\"html.default\">\n\t\t\t\t<div class=\"elementor-widget-container\">\n\t\t\t<br>\r\n<br>\r\n<br>\r\n<h1> <span style=\"margin-left:15px;color:#213072; font-size:60px; font-weight: bold;\">ELENA<\/span>  \r\n<br><span style=\"margin-left:15px;color:#213072; font-size:60px; font-weight:30px\">SERRANO<\/span><\/h1>\r\n<hr style=\"height:1px;border:none;color:#333;color:red; width:235px; border-top: 2px solid #213072; margin-left:15px \"\/>\r\n\r\n<h1 style=\"margin-left:15px; font-weight:bold;font-size:40px\">Psic\u00f3loga<\/h1>\r\n\r\n<ul style=\"margin-left:15px;font-size:25px; font-style: italic;\">\r\n\r\n<li>Coord. Prevenci\u00f3n ADANER Murcia<\/li>\r\n<br>\r\n<li>Master Psicolog\u00eda Sanitaria<\/li>   \r\n<br>\r\n<li>Master Psicolog\u00eda del Deporte y de la Actividad F\u00edsica -Doctorando en Psicolog\u00eda<\/li>\r\n<\/ul>\r\n\t\t<\/div>\n\t\t\t\t<\/div>\n\t\t\t\t\t<\/div>\n\t\t\t\t<\/div>\n\t\t\t\t<\/div>\n\t\t","protected":false},"excerpt":{"rendered":"<p>ELENA SERRANO Psic\u00f3loga Coord. Prevenci\u00f3n ADANER Murcia Master Psicolog\u00eda Sanitaria Master Psicolog\u00eda del Deporte y de la Actividad F\u00edsica -Doctorando [&hellip;]<\/p>\n","protected":false},"author":1,"featured_media":0,"parent":0,"menu_order":0,"comment_status":"closed","ping_status":"closed","template":"","meta":{"site-sidebar-layout":"no-sidebar","site-content-layout":"","ast-site-content-layout":"full-width-container","site-content-style":"default","site-sidebar-style":"default","ast-global-header-display":"","ast-banner-title-visibility":"","ast-main-header-display":"","ast-hfb-above-header-display":"","ast-hfb-below-header-display":"","ast-hfb-mobile-header-display":"","site-post-title":"disabled","ast-breadcrumbs-content":"","ast-featured-img":"disabled","footer-sml-layout":"","theme-transparent-header-meta":"","adv-header-id-meta":"","stick-header-meta":"","header-above-stick-meta":"","header-main-stick-meta":"","header-below-stick-meta":"","astra-migrate-meta-layouts":"default","ast-page-background-enabled":"default","ast-page-background-meta":{"desktop":{"background-color":"var(--ast-global-color-4)","background-image":"","background-repeat":"repeat","background-position":"center center","background-size":"auto","background-attachment":"scroll","background-type":"","background-media":"","overlay-type":"","overlay-color":"","overlay-gradient":""},"tablet":{"background-color":"","background-image":"","background-repeat":"repeat","background-position":"center center","background-size":"auto","background-attachment":"scroll","background-type":"","background-media":"","overlay-type":"","overlay-color":"","overlay-gradient":""},"mobile":{"background-color":"","background-image":"","background-repeat":"repeat","background-position":"center center","background-size":"auto","background-attachment":"scroll","background-type":"","background-media":"","overlay-type":"","overlay-color":"","overlay-gradient":""}},"ast-content-background-meta":{"desktop":{"background-color":"var(--ast-global-color-5)","background-image":"","background-repeat":"repeat","background-position":"center center","background-size":"auto","background-attachment":"scroll","background-type":"","background-media":"","overlay-type":"","overlay-color":"","overlay-gradient":""},"tablet":{"background-color":"var(--ast-global-color-5)","background-image":"","background-repeat":"repeat","background-position":"center center","background-size":"auto","background-attachment":"scroll","background-type":"","background-media":"","overlay-type":"","overlay-color":"","overlay-gradient":""},"mobile":{"background-color":"var(--ast-global-color-5)","background-image":"","background-repeat":"repeat","background-position":"center center","background-size":"auto","background-attachment":"scroll","background-type":"","background-media":"","overlay-type":"","overlay-color":"","overlay-gradient":""}},"footnotes":""},"yoast_head":"<!-- This site is optimized with the Yoast SEO plugin v22.6 - https:\/\/yoast.com\/wordpress\/plugins\/seo\/ -->\n<title>Elena Serrano<\/title>\n<meta name=\"description\" content=\"Adaner Murcia - Asociaci\u00f3n en Defensa de la Anorexia nerviosa y Bulimia de la Regi\u00f3n de Murcia. Fundado en 1993 con el objetivo de ofrecer atenci\u00f3n integral en psiquiatr\u00eda, psicolog\u00eda y nutrici\u00f3n a pacientes y familiares afectados por Trastornos de la Conducta Alimentaria.\" \/>\n<meta name=\"robots\" content=\"index, follow, max-snippet:-1, max-image-preview:large, max-video-preview:-1\" \/>\n<link rel=\"canonical\" href=\"https:\/\/adanermurcia.com\/index.php\/elena-serrano\/\" \/>\n<meta property=\"og:locale\" content=\"es_ES\" \/>\n<meta property=\"og:type\" content=\"article\" \/>\n<meta property=\"og:title\" content=\"Elena Serrano\" \/>\n<meta property=\"og:description\" content=\"Adaner Murcia - Asociaci\u00f3n en Defensa de la Anorexia nerviosa y Bulimia de la Regi\u00f3n de Murcia. Fundado en 1993 con el objetivo de ofrecer atenci\u00f3n integral en psiquiatr\u00eda, psicolog\u00eda y nutrici\u00f3n a pacientes y familiares afectados por Trastornos de la Conducta Alimentaria.\" \/>\n<meta property=\"og:url\" content=\"https:\/\/adanermurcia.com\/index.php\/elena-serrano\/\" \/>\n<meta property=\"og:site_name\" content=\"Adaner Murcia\" \/>\n<meta property=\"article:publisher\" content=\"https:\/\/www.facebook.com\/murcia.adaner\/?locale=es_ES\" \/>\n<meta property=\"article:modified_time\" content=\"2024-04-28T11:16:48+00:00\" \/>\n<meta property=\"og:image\" content=\"https:\/\/adanermurcia.com\/wp-content\/uploads\/2024\/04\/Elena-Serrano-Nortes.png\" \/>\n<meta name=\"twitter:card\" content=\"summary_large_image\" \/>\n<meta name=\"twitter:site\" content=\"@Adanermurcia\" \/>\n<meta name=\"twitter:label1\" content=\"Tiempo de lectura\" \/>\n\t<meta name=\"twitter:data1\" content=\"1 minuto\" \/>\n<script type=\"application\/ld+json\" class=\"yoast-schema-graph\">{\"@context\":\"https:\/\/schema.org\",\"@graph\":[{\"@type\":\"WebPage\",\"@id\":\"https:\/\/adanermurcia.com\/index.php\/elena-serrano\/\",\"url\":\"https:\/\/adanermurcia.com\/index.php\/elena-serrano\/\",\"name\":\"Elena Serrano\",\"isPartOf\":{\"@id\":\"https:\/\/adanermurcia.com\/#website\"},\"primaryImageOfPage\":{\"@id\":\"https:\/\/adanermurcia.com\/index.php\/elena-serrano\/#primaryimage\"},\"image\":{\"@id\":\"https:\/\/adanermurcia.com\/index.php\/elena-serrano\/#primaryimage\"},\"thumbnailUrl\":\"https:\/\/adanermurcia.com\/wp-content\/uploads\/2024\/04\/Elena-Serrano-Nortes.png\",\"datePublished\":\"2024-04-22T16:38:00+00:00\",\"dateModified\":\"2024-04-28T11:16:48+00:00\",\"description\":\"Adaner Murcia - Asociaci\u00f3n en Defensa de la Anorexia nerviosa y Bulimia de la Regi\u00f3n de Murcia. Fundado en 1993 con el objetivo de ofrecer atenci\u00f3n integral en psiquiatr\u00eda, psicolog\u00eda y nutrici\u00f3n a pacientes y familiares afectados por Trastornos de la Conducta Alimentaria.\",\"breadcrumb\":{\"@id\":\"https:\/\/adanermurcia.com\/index.php\/elena-serrano\/#breadcrumb\"},\"inLanguage\":\"es\",\"potentialAction\":[{\"@type\":\"ReadAction\",\"target\":[\"https:\/\/adanermurcia.com\/index.php\/elena-serrano\/\"]}]},{\"@type\":\"ImageObject\",\"inLanguage\":\"es\",\"@id\":\"https:\/\/adanermurcia.com\/index.php\/elena-serrano\/#primaryimage\",\"url\":\"https:\/\/adanermurcia.com\/wp-content\/uploads\/2024\/04\/Elena-Serrano-Nortes.png\",\"contentUrl\":\"https:\/\/adanermurcia.com\/wp-content\/uploads\/2024\/04\/Elena-Serrano-Nortes.png\",\"width\":1000,\"height\":1000},{\"@type\":\"BreadcrumbList\",\"@id\":\"https:\/\/adanermurcia.com\/index.php\/elena-serrano\/#breadcrumb\",\"itemListElement\":[{\"@type\":\"ListItem\",\"position\":1,\"name\":\"Portada\",\"item\":\"https:\/\/adanermurcia.com\/\"},{\"@type\":\"ListItem\",\"position\":2,\"name\":\"Elena Serrano\"}]},{\"@type\":\"WebSite\",\"@id\":\"https:\/\/adanermurcia.com\/#website\",\"url\":\"https:\/\/adanermurcia.com\/\",\"name\":\"Adaner Murcia\",\"description\":\"Adaner Murcia - Asociaci\u00f3n en Defensa de la Anorexia nerviosa y Bulimia de la Regi\u00f3n de Murcia. Fundado en 1993 con el objetivo de ofrecer atenci\u00f3n integral en psiquiatr\u00eda, psicolog\u00eda y nutrici\u00f3n a pacientes y familiares afectados por Trastornos de la Conducta Alimentaria.\",\"publisher\":{\"@id\":\"https:\/\/adanermurcia.com\/#organization\"},\"potentialAction\":[{\"@type\":\"SearchAction\",\"target\":{\"@type\":\"EntryPoint\",\"urlTemplate\":\"https:\/\/adanermurcia.com\/?s={search_term_string}\"},\"query-input\":\"required name=search_term_string\"}],\"inLanguage\":\"es\"},{\"@type\":\"Organization\",\"@id\":\"https:\/\/adanermurcia.com\/#organization\",\"name\":\"Adaner Murcia\",\"url\":\"https:\/\/adanermurcia.com\/\",\"logo\":{\"@type\":\"ImageObject\",\"inLanguage\":\"es\",\"@id\":\"https:\/\/adanermurcia.com\/#\/schema\/logo\/image\/\",\"url\":\"https:\/\/adanermurcia.com\/wp-content\/uploads\/2024\/03\/Adaner-Logo-Recortado.png\",\"contentUrl\":\"https:\/\/adanermurcia.com\/wp-content\/uploads\/2024\/03\/Adaner-Logo-Recortado.png\",\"width\":394,\"height\":293,\"caption\":\"Adaner Murcia\"},\"image\":{\"@id\":\"https:\/\/adanermurcia.com\/#\/schema\/logo\/image\/\"},\"sameAs\":[\"https:\/\/www.facebook.com\/murcia.adaner\/?locale=es_ES\",\"https:\/\/x.com\/Adanermurcia\"]}]}<\/script>\n<!-- \/ Yoast SEO plugin. -->","yoast_head_json":{"title":"Elena Serrano","description":"Adaner Murcia - Asociaci\u00f3n en Defensa de la Anorexia nerviosa y Bulimia de la Regi\u00f3n de Murcia. Fundado en 1993 con el objetivo de ofrecer atenci\u00f3n integral en psiquiatr\u00eda, psicolog\u00eda y nutrici\u00f3n a pacientes y familiares afectados por Trastornos de la Conducta Alimentaria.","robots":{"index":"index","follow":"follow","max-snippet":"max-snippet:-1","max-image-preview":"max-image-preview:large","max-video-preview":"max-video-preview:-1"},"canonical":"https:\/\/adanermurcia.com\/index.php\/elena-serrano\/","og_locale":"es_ES","og_type":"article","og_title":"Elena Serrano","og_description":"Adaner Murcia - Asociaci\u00f3n en Defensa de la Anorexia nerviosa y Bulimia de la Regi\u00f3n de Murcia. Fundado en 1993 con el objetivo de ofrecer atenci\u00f3n integral en psiquiatr\u00eda, psicolog\u00eda y nutrici\u00f3n a pacientes y familiares afectados por Trastornos de la Conducta Alimentaria.","og_url":"https:\/\/adanermurcia.com\/index.php\/elena-serrano\/","og_site_name":"Adaner Murcia","article_publisher":"https:\/\/www.facebook.com\/murcia.adaner\/?locale=es_ES","article_modified_time":"2024-04-28T11:16:48+00:00","og_image":[{"url":"https:\/\/adanermurcia.com\/wp-content\/uploads\/2024\/04\/Elena-Serrano-Nortes.png"}],"twitter_card":"summary_large_image","twitter_site":"@Adanermurcia","twitter_misc":{"Tiempo de lectura":"1 minuto"},"schema":{"@context":"https:\/\/schema.org","@graph":[{"@type":"WebPage","@id":"https:\/\/adanermurcia.com\/index.php\/elena-serrano\/","url":"https:\/\/adanermurcia.com\/index.php\/elena-serrano\/","name":"Elena Serrano","isPartOf":{"@id":"https:\/\/adanermurcia.com\/#website"},"primaryImageOfPage":{"@id":"https:\/\/adanermurcia.com\/index.php\/elena-serrano\/#primaryimage"},"image":{"@id":"https:\/\/adanermurcia.com\/index.php\/elena-serrano\/#primaryimage"},"thumbnailUrl":"https:\/\/adanermurcia.com\/wp-content\/uploads\/2024\/04\/Elena-Serrano-Nortes.png","datePublished":"2024-04-22T16:38:00+00:00","dateModified":"2024-04-28T11:16:48+00:00","description":"Adaner Murcia - Asociaci\u00f3n en Defensa de la Anorexia nerviosa y Bulimia de la Regi\u00f3n de Murcia. Fundado en 1993 con el objetivo de ofrecer atenci\u00f3n integral en psiquiatr\u00eda, psicolog\u00eda y nutrici\u00f3n a pacientes y familiares afectados por Trastornos de la Conducta Alimentaria.","breadcrumb":{"@id":"https:\/\/adanermurcia.com\/index.php\/elena-serrano\/#breadcrumb"},"inLanguage":"es","potentialAction":[{"@type":"ReadAction","target":["https:\/\/adanermurcia.com\/index.php\/elena-serrano\/"]}]},{"@type":"ImageObject","inLanguage":"es","@id":"https:\/\/adanermurcia.com\/index.php\/elena-serrano\/#primaryimage","url":"https:\/\/adanermurcia.com\/wp-content\/uploads\/2024\/04\/Elena-Serrano-Nortes.png","contentUrl":"https:\/\/adanermurcia.com\/wp-content\/uploads\/2024\/04\/Elena-Serrano-Nortes.png","width":1000,"height":1000},{"@type":"BreadcrumbList","@id":"https:\/\/adanermurcia.com\/index.php\/elena-serrano\/#breadcrumb","itemListElement":[{"@type":"ListItem","position":1,"name":"Portada","item":"https:\/\/adanermurcia.com\/"},{"@type":"ListItem","position":2,"name":"Elena Serrano"}]},{"@type":"WebSite","@id":"https:\/\/adanermurcia.com\/#website","url":"https:\/\/adanermurcia.com\/","name":"Adaner Murcia","description":"Adaner Murcia - Asociaci\u00f3n en Defensa de la Anorexia nerviosa y Bulimia de la Regi\u00f3n de Murcia. Fundado en 1993 con el objetivo de ofrecer atenci\u00f3n integral en psiquiatr\u00eda, psicolog\u00eda y nutrici\u00f3n a pacientes y familiares afectados por Trastornos de la Conducta Alimentaria.","publisher":{"@id":"https:\/\/adanermurcia.com\/#organization"},"potentialAction":[{"@type":"SearchAction","target":{"@type":"EntryPoint","urlTemplate":"https:\/\/adanermurcia.com\/?s={search_term_string}"},"query-input":"required name=search_term_string"}],"inLanguage":"es"},{"@type":"Organization","@id":"https:\/\/adanermurcia.com\/#organization","name":"Adaner Murcia","url":"https:\/\/adanermurcia.com\/","logo":{"@type":"ImageObject","inLanguage":"es","@id":"https:\/\/adanermurcia.com\/#\/schema\/logo\/image\/","url":"https:\/\/adanermurcia.com\/wp-content\/uploads\/2024\/03\/Adaner-Logo-Recortado.png","contentUrl":"https:\/\/adanermurcia.com\/wp-content\/uploads\/2024\/03\/Adaner-Logo-Recortado.png","width":394,"height":293,"caption":"Adaner Murcia"},"image":{"@id":"https:\/\/adanermurcia.com\/#\/schema\/logo\/image\/"},"sameAs":["https:\/\/www.facebook.com\/murcia.adaner\/?locale=es_ES","https:\/\/x.com\/Adanermurcia"]}]}},"jetpack_sharing_enabled":true,"_links":{"self":[{"href":"https:\/\/adanermurcia.com\/index.php\/wp-json\/wp\/v2\/pages\/551"}],"collection":[{"href":"https:\/\/adanermurcia.com\/index.php\/wp-json\/wp\/v2\/pages"}],"about":[{"href":"https:\/\/adanermurcia.com\/index.php\/wp-json\/wp\/v2\/types\/page"}],"author":[{"embeddable":true,"href":"https:\/\/adanermurcia.com\/index.php\/wp-json\/wp\/v2\/users\/1"}],"replies":[{"embeddable":true,"href":"https:\/\/adanermurcia.com\/index.php\/wp-json\/wp\/v2\/comments?post=551"}],"version-history":[{"count":10,"href":"https:\/\/adanermurcia.com\/index.php\/wp-json\/wp\/v2\/pages\/551\/revisions"}],"predecessor-version":[{"id":834,"href":"https:\/\/adanermurcia.com\/index.php\/wp-json\/wp\/v2\/pages\/551\/revisions\/834"}],"wp:attachment":[{"href":"https:\/\/adanermurcia.com\/index.php\/wp-json\/wp\/v2\/media?parent=551"}],"curies":[{"name":"wp","href":"https:\/\/api.w.org\/{rel}","templated":true}]}}