{"id":49,"date":"2024-04-15T17:38:42","date_gmt":"2024-04-15T16:38:42","guid":{"rendered":"https:\/\/adanermurcia.com\/?page_id=49"},"modified":"2024-04-30T18:04:25","modified_gmt":"2024-04-30T16:04:25","slug":"servicios","status":"publish","type":"page","link":"https:\/\/adanermurcia.com\/index.php\/servicios\/","title":{"rendered":"Servicios"},"content":{"rendered":"\t\t<div data-elementor-type=\"wp-page\" data-elementor-id=\"49\" class=\"elementor elementor-49\" data-elementor-post-type=\"page\">\n\t\t\t\t<div class=\"elementor-element elementor-element-2a9d5e9 e-flex e-con-boxed e-con e-parent\" data-id=\"2a9d5e9\" data-element_type=\"container\">\n\t\t\t\t\t<div class=\"e-con-inner\">\n\t\t\t\t<div class=\"elementor-element elementor-element-8e0e755 elementor-widget elementor-widget-spacer\" data-id=\"8e0e755\" data-element_type=\"widget\" data-widget_type=\"spacer.default\">\n\t\t\t\t<div class=\"elementor-widget-container\">\n\t\t\t<style>\/*! elementor - v3.21.0 - 30-04-2024 *\/\n.elementor-column .elementor-spacer-inner{height:var(--spacer-size)}.e-con{--container-widget-width:100%}.e-con-inner>.elementor-widget-spacer,.e-con>.elementor-widget-spacer{width:var(--container-widget-width,var(--spacer-size));--align-self:var(--container-widget-align-self,initial);--flex-shrink:0}.e-con-inner>.elementor-widget-spacer>.elementor-widget-container,.e-con>.elementor-widget-spacer>.elementor-widget-container{height:100%;width:100%}.e-con-inner>.elementor-widget-spacer>.elementor-widget-container>.elementor-spacer,.e-con>.elementor-widget-spacer>.elementor-widget-container>.elementor-spacer{height:100%}.e-con-inner>.elementor-widget-spacer>.elementor-widget-container>.elementor-spacer>.elementor-spacer-inner,.e-con>.elementor-widget-spacer>.elementor-widget-container>.elementor-spacer>.elementor-spacer-inner{height:var(--container-widget-height,var(--spacer-size))}.e-con-inner>.elementor-widget-spacer.elementor-widget-empty,.e-con>.elementor-widget-spacer.elementor-widget-empty{position:relative;min-height:22px;min-width:22px}.e-con-inner>.elementor-widget-spacer.elementor-widget-empty .elementor-widget-empty-icon,.e-con>.elementor-widget-spacer.elementor-widget-empty .elementor-widget-empty-icon{position:absolute;top:0;bottom:0;left:0;right:0;margin:auto;padding:0;width:22px;height:22px}<\/style>\t\t<div class=\"elementor-spacer\">\n\t\t\t<div class=\"elementor-spacer-inner\"><\/div>\n\t\t<\/div>\n\t\t\t\t<\/div>\n\t\t\t\t<\/div>\n\t\t\t\t\t<\/div>\n\t\t\t\t<\/div>\n\t\t<div class=\"elementor-element elementor-element-7c17bcd e-grid e-con-boxed e-con e-parent\" data-id=\"7c17bcd\" data-element_type=\"container\" data-settings=\"{&quot;background_background&quot;:&quot;classic&quot;}\">\n\t\t\t\t\t<div class=\"e-con-inner\">\n\t\t<div class=\"elementor-element elementor-element-f054a04 e-grid e-con-boxed e-con e-child\" data-id=\"f054a04\" data-element_type=\"container\">\n\t\t\t\t\t<div class=\"e-con-inner\">\n\t\t\t\t<div class=\"elementor-element elementor-element-ddb98d8 elementor-widget elementor-widget-html\" data-id=\"ddb98d8\" data-element_type=\"widget\" data-widget_type=\"html.default\">\n\t\t\t\t<div class=\"elementor-widget-container\">\n\t\t\t<br>\r\n<br>\r\n<center>\r\n<h3 style=\"color: white;\">Nuestros<br>\r\n<span style=\"font-size: 40px; color: #e1e9ff;\">SERVICIOS<\/span><\/h3>\r\n<p style=\"color: #e1e9ff;\">En ADANER\r\nofrecemos una gran<br>\r\nvariedad de servicios. Dependiendo de<br>\r\ncada caso, se llevar\u00e1 a cabo un<br>\r\nprodecimiento u otro.<\/p>\r\n<p style=\"color: #e1e9ff;\">Conoce m\u00e1s a cerca de los tratamientos:<\/p>\r\n<a href=\"https:\/\/adanermurcia.com\/index.php\/centro-de-dia\/\" target=\"_blank\"><button style=\"background-color: #e1e9ff; color:black; border-radius:10px; margin:10px\"  >Centro de d\u00eda<\/button><\/a>\r\n<a href=\"https:\/\/adanermurcia.com\/index.php\/ambulatorio\/\"  target=\"_blank\"><button style=\"background-color: #e1e9ff; color:black; border-radius:10px\"  >Ambulatorio<\/button><\/a>\r\n\r\n\r\n\t\t<\/div>\n\t\t\t\t<\/div>\n\t\t\t\t\t<\/div>\n\t\t\t\t<\/div>\n\t\t<div class=\"elementor-element elementor-element-37dcddd e-grid e-con-boxed e-con e-child\" data-id=\"37dcddd\" data-element_type=\"container\" data-settings=\"{&quot;background_background&quot;:&quot;classic&quot;}\">\n\t\t\t\t\t<div class=\"e-con-inner\">\n\t\t\t\t<div class=\"elementor-element elementor-element-caab657 elementor-widget elementor-widget-html\" data-id=\"caab657\" data-element_type=\"widget\" data-widget_type=\"html.default\">\n\t\t\t\t<div class=\"elementor-widget-container\">\n\t\t\t<br>\r\n<p style=\"margin-left:15px; column-count:2; column-gap:100px; color:black; text-align: justify; \"><strong>Capacitaci\u00f3n a docentes,<br>profesionales de la salud y <br>colectivos intersados.\r\n<br>\r\n<br>\r\nAtenci\u00f3n psiqui\u00e1trica.<br><br>\r\nAtenci\u00f3n psicol\u00f3gica<br>\r\nintegral: terapia individual,<br>\r\nterapia de grupo,terapia<br>\r\nfamiliar y neuropsicolog\u00eda.\r\n<br><br>\r\nGrupos de formaci\u00f3n<br>\r\nfamiliar.<br><br>\r\nAtenci\u00f3n nutricional.<br>\r\nGrupo de ayuda mutua<br>de familiares.\r\n<br><br><br>\r\nGrupos psicoeducativos.<br><br>\r\nAcogida,asesoramiento y<br>apoyo a pacientes y <br>\r\nfamiliares sobre <br>trastornos alimentarios.<br><br>\r\nPrevenci\u00f3n a colectivos<br>\r\nvulnerables.\r\n<br><br>\r\nCentro de d\u00eda.\r\n<\/p><\/strong>\t\t<\/div>\n\t\t\t\t<\/div>\n\t\t\t\t\t<\/div>\n\t\t\t\t<\/div>\n\t\t\t\t\t<\/div>\n\t\t\t\t<\/div>\n\t\t\t\t<\/div>\n\t\t","protected":false},"excerpt":{"rendered":"<p>Nuestros SERVICIOS En ADANER ofrecemos una gran variedad de servicios. Dependiendo de cada caso, se llevar\u00e1 a cabo un prodecimiento [&hellip;]<\/p>\n","protected":false},"author":1,"featured_media":0,"parent":0,"menu_order":0,"comment_status":"closed","ping_status":"closed","template":"","meta":{"site-sidebar-layout":"no-sidebar","site-content-layout":"","ast-site-content-layout":"full-width-container","site-content-style":"default","site-sidebar-style":"default","ast-global-header-display":"","ast-banner-title-visibility":"","ast-main-header-display":"","ast-hfb-above-header-display":"","ast-hfb-below-header-display":"","ast-hfb-mobile-header-display":"","site-post-title":"disabled","ast-breadcrumbs-content":"","ast-featured-img":"disabled","footer-sml-layout":"","theme-transparent-header-meta":"","adv-header-id-meta":"","stick-header-meta":"","header-above-stick-meta":"","header-main-stick-meta":"","header-below-stick-meta":"","astra-migrate-meta-layouts":"default","ast-page-background-enabled":"default","ast-page-background-meta":{"desktop":{"background-color":"var(--ast-global-color-4)","background-image":"","background-repeat":"repeat","background-position":"center center","background-size":"auto","background-attachment":"scroll","background-type":"","background-media":"","overlay-type":"","overlay-color":"","overlay-gradient":""},"tablet":{"background-color":"","background-image":"","background-repeat":"repeat","background-position":"center center","background-size":"auto","background-attachment":"scroll","background-type":"","background-media":"","overlay-type":"","overlay-color":"","overlay-gradient":""},"mobile":{"background-color":"","background-image":"","background-repeat":"repeat","background-position":"center center","background-size":"auto","background-attachment":"scroll","background-type":"","background-media":"","overlay-type":"","overlay-color":"","overlay-gradient":""}},"ast-content-background-meta":{"desktop":{"background-color":"var(--ast-global-color-5)","background-image":"","background-repeat":"repeat","background-position":"center center","background-size":"auto","background-attachment":"scroll","background-type":"","background-media":"","overlay-type":"","overlay-color":"","overlay-gradient":""},"tablet":{"background-color":"var(--ast-global-color-5)","background-image":"","background-repeat":"repeat","background-position":"center center","background-size":"auto","background-attachment":"scroll","background-type":"","background-media":"","overlay-type":"","overlay-color":"","overlay-gradient":""},"mobile":{"background-color":"var(--ast-global-color-5)","background-image":"","background-repeat":"repeat","background-position":"center center","background-size":"auto","background-attachment":"scroll","background-type":"","background-media":"","overlay-type":"","overlay-color":"","overlay-gradient":""}},"footnotes":""},"yoast_head":"<!-- This site is optimized with the Yoast SEO plugin v22.6 - https:\/\/yoast.com\/wordpress\/plugins\/seo\/ -->\n<title>Servicios<\/title>\n<meta name=\"description\" content=\"Adaner Murcia - Asociaci\u00f3n en Defensa de la Anorexia nerviosa y Bulimia de la Regi\u00f3n de Murcia. Fundado en 1993 con el objetivo de ofrecer atenci\u00f3n integral en psiquiatr\u00eda, psicolog\u00eda y nutrici\u00f3n a pacientes y familiares afectados por Trastornos de la Conducta Alimentaria.\" \/>\n<meta name=\"robots\" content=\"index, follow, max-snippet:-1, max-image-preview:large, max-video-preview:-1\" \/>\n<link rel=\"canonical\" href=\"https:\/\/adanermurcia.com\/index.php\/servicios\/\" \/>\n<meta property=\"og:locale\" content=\"es_ES\" \/>\n<meta property=\"og:type\" content=\"article\" \/>\n<meta property=\"og:title\" content=\"Servicios\" \/>\n<meta property=\"og:description\" content=\"Adaner Murcia - Asociaci\u00f3n en Defensa de la Anorexia nerviosa y Bulimia de la Regi\u00f3n de Murcia. Fundado en 1993 con el objetivo de ofrecer atenci\u00f3n integral en psiquiatr\u00eda, psicolog\u00eda y nutrici\u00f3n a pacientes y familiares afectados por Trastornos de la Conducta Alimentaria.\" \/>\n<meta property=\"og:url\" content=\"https:\/\/adanermurcia.com\/index.php\/servicios\/\" \/>\n<meta property=\"og:site_name\" content=\"Adaner Murcia\" \/>\n<meta property=\"article:publisher\" content=\"https:\/\/www.facebook.com\/murcia.adaner\/?locale=es_ES\" \/>\n<meta property=\"article:modified_time\" content=\"2024-04-30T16:04:25+00:00\" \/>\n<meta property=\"og:image\" content=\"https:\/\/adanermurcia.com\/wp-content\/uploads\/2024\/04\/cropped-android-chrome-512x512-1.png\" \/>\n\t<meta property=\"og:image:width\" content=\"512\" \/>\n\t<meta property=\"og:image:height\" content=\"512\" \/>\n\t<meta property=\"og:image:type\" content=\"image\/png\" \/>\n<meta name=\"twitter:card\" content=\"summary_large_image\" \/>\n<meta name=\"twitter:site\" content=\"@Adanermurcia\" \/>\n<meta name=\"twitter:label1\" content=\"Tiempo de lectura\" \/>\n\t<meta name=\"twitter:data1\" content=\"1 minuto\" \/>\n<script type=\"application\/ld+json\" class=\"yoast-schema-graph\">{\"@context\":\"https:\/\/schema.org\",\"@graph\":[{\"@type\":\"WebPage\",\"@id\":\"https:\/\/adanermurcia.com\/index.php\/servicios\/\",\"url\":\"https:\/\/adanermurcia.com\/index.php\/servicios\/\",\"name\":\"Servicios\",\"isPartOf\":{\"@id\":\"https:\/\/adanermurcia.com\/#website\"},\"datePublished\":\"2024-04-15T16:38:42+00:00\",\"dateModified\":\"2024-04-30T16:04:25+00:00\",\"description\":\"Adaner Murcia - Asociaci\u00f3n en Defensa de la Anorexia nerviosa y Bulimia de la Regi\u00f3n de Murcia. Fundado en 1993 con el objetivo de ofrecer atenci\u00f3n integral en psiquiatr\u00eda, psicolog\u00eda y nutrici\u00f3n a pacientes y familiares afectados por Trastornos de la Conducta Alimentaria.\",\"breadcrumb\":{\"@id\":\"https:\/\/adanermurcia.com\/index.php\/servicios\/#breadcrumb\"},\"inLanguage\":\"es\",\"potentialAction\":[{\"@type\":\"ReadAction\",\"target\":[\"https:\/\/adanermurcia.com\/index.php\/servicios\/\"]}]},{\"@type\":\"BreadcrumbList\",\"@id\":\"https:\/\/adanermurcia.com\/index.php\/servicios\/#breadcrumb\",\"itemListElement\":[{\"@type\":\"ListItem\",\"position\":1,\"name\":\"Portada\",\"item\":\"https:\/\/adanermurcia.com\/\"},{\"@type\":\"ListItem\",\"position\":2,\"name\":\"Servicios\"}]},{\"@type\":\"WebSite\",\"@id\":\"https:\/\/adanermurcia.com\/#website\",\"url\":\"https:\/\/adanermurcia.com\/\",\"name\":\"Adaner Murcia\",\"description\":\"Adaner Murcia - Asociaci\u00f3n en Defensa de la Anorexia nerviosa y Bulimia de la Regi\u00f3n de Murcia. Fundado en 1993 con el objetivo de ofrecer atenci\u00f3n integral en psiquiatr\u00eda, psicolog\u00eda y nutrici\u00f3n a pacientes y familiares afectados por Trastornos de la Conducta Alimentaria.\",\"publisher\":{\"@id\":\"https:\/\/adanermurcia.com\/#organization\"},\"potentialAction\":[{\"@type\":\"SearchAction\",\"target\":{\"@type\":\"EntryPoint\",\"urlTemplate\":\"https:\/\/adanermurcia.com\/?s={search_term_string}\"},\"query-input\":\"required name=search_term_string\"}],\"inLanguage\":\"es\"},{\"@type\":\"Organization\",\"@id\":\"https:\/\/adanermurcia.com\/#organization\",\"name\":\"Adaner Murcia\",\"url\":\"https:\/\/adanermurcia.com\/\",\"logo\":{\"@type\":\"ImageObject\",\"inLanguage\":\"es\",\"@id\":\"https:\/\/adanermurcia.com\/#\/schema\/logo\/image\/\",\"url\":\"https:\/\/adanermurcia.com\/wp-content\/uploads\/2024\/03\/Adaner-Logo-Recortado.png\",\"contentUrl\":\"https:\/\/adanermurcia.com\/wp-content\/uploads\/2024\/03\/Adaner-Logo-Recortado.png\",\"width\":394,\"height\":293,\"caption\":\"Adaner Murcia\"},\"image\":{\"@id\":\"https:\/\/adanermurcia.com\/#\/schema\/logo\/image\/\"},\"sameAs\":[\"https:\/\/www.facebook.com\/murcia.adaner\/?locale=es_ES\",\"https:\/\/x.com\/Adanermurcia\"]}]}<\/script>\n<!-- \/ Yoast SEO plugin. -->","yoast_head_json":{"title":"Servicios","description":"Adaner Murcia - Asociaci\u00f3n en Defensa de la Anorexia nerviosa y Bulimia de la Regi\u00f3n de Murcia. Fundado en 1993 con el objetivo de ofrecer atenci\u00f3n integral en psiquiatr\u00eda, psicolog\u00eda y nutrici\u00f3n a pacientes y familiares afectados por Trastornos de la Conducta Alimentaria.","robots":{"index":"index","follow":"follow","max-snippet":"max-snippet:-1","max-image-preview":"max-image-preview:large","max-video-preview":"max-video-preview:-1"},"canonical":"https:\/\/adanermurcia.com\/index.php\/servicios\/","og_locale":"es_ES","og_type":"article","og_title":"Servicios","og_description":"Adaner Murcia - Asociaci\u00f3n en Defensa de la Anorexia nerviosa y Bulimia de la Regi\u00f3n de Murcia. Fundado en 1993 con el objetivo de ofrecer atenci\u00f3n integral en psiquiatr\u00eda, psicolog\u00eda y nutrici\u00f3n a pacientes y familiares afectados por Trastornos de la Conducta Alimentaria.","og_url":"https:\/\/adanermurcia.com\/index.php\/servicios\/","og_site_name":"Adaner Murcia","article_publisher":"https:\/\/www.facebook.com\/murcia.adaner\/?locale=es_ES","article_modified_time":"2024-04-30T16:04:25+00:00","og_image":[{"width":512,"height":512,"url":"https:\/\/adanermurcia.com\/wp-content\/uploads\/2024\/04\/cropped-android-chrome-512x512-1.png","type":"image\/png"}],"twitter_card":"summary_large_image","twitter_site":"@Adanermurcia","twitter_misc":{"Tiempo de lectura":"1 minuto"},"schema":{"@context":"https:\/\/schema.org","@graph":[{"@type":"WebPage","@id":"https:\/\/adanermurcia.com\/index.php\/servicios\/","url":"https:\/\/adanermurcia.com\/index.php\/servicios\/","name":"Servicios","isPartOf":{"@id":"https:\/\/adanermurcia.com\/#website"},"datePublished":"2024-04-15T16:38:42+00:00","dateModified":"2024-04-30T16:04:25+00:00","description":"Adaner Murcia - Asociaci\u00f3n en Defensa de la Anorexia nerviosa y Bulimia de la Regi\u00f3n de Murcia. Fundado en 1993 con el objetivo de ofrecer atenci\u00f3n integral en psiquiatr\u00eda, psicolog\u00eda y nutrici\u00f3n a pacientes y familiares afectados por Trastornos de la Conducta Alimentaria.","breadcrumb":{"@id":"https:\/\/adanermurcia.com\/index.php\/servicios\/#breadcrumb"},"inLanguage":"es","potentialAction":[{"@type":"ReadAction","target":["https:\/\/adanermurcia.com\/index.php\/servicios\/"]}]},{"@type":"BreadcrumbList","@id":"https:\/\/adanermurcia.com\/index.php\/servicios\/#breadcrumb","itemListElement":[{"@type":"ListItem","position":1,"name":"Portada","item":"https:\/\/adanermurcia.com\/"},{"@type":"ListItem","position":2,"name":"Servicios"}]},{"@type":"WebSite","@id":"https:\/\/adanermurcia.com\/#website","url":"https:\/\/adanermurcia.com\/","name":"Adaner Murcia","description":"Adaner Murcia - Asociaci\u00f3n en Defensa de la Anorexia nerviosa y Bulimia de la Regi\u00f3n de Murcia. Fundado en 1993 con el objetivo de ofrecer atenci\u00f3n integral en psiquiatr\u00eda, psicolog\u00eda y nutrici\u00f3n a pacientes y familiares afectados por Trastornos de la Conducta Alimentaria.","publisher":{"@id":"https:\/\/adanermurcia.com\/#organization"},"potentialAction":[{"@type":"SearchAction","target":{"@type":"EntryPoint","urlTemplate":"https:\/\/adanermurcia.com\/?s={search_term_string}"},"query-input":"required name=search_term_string"}],"inLanguage":"es"},{"@type":"Organization","@id":"https:\/\/adanermurcia.com\/#organization","name":"Adaner Murcia","url":"https:\/\/adanermurcia.com\/","logo":{"@type":"ImageObject","inLanguage":"es","@id":"https:\/\/adanermurcia.com\/#\/schema\/logo\/image\/","url":"https:\/\/adanermurcia.com\/wp-content\/uploads\/2024\/03\/Adaner-Logo-Recortado.png","contentUrl":"https:\/\/adanermurcia.com\/wp-content\/uploads\/2024\/03\/Adaner-Logo-Recortado.png","width":394,"height":293,"caption":"Adaner Murcia"},"image":{"@id":"https:\/\/adanermurcia.com\/#\/schema\/logo\/image\/"},"sameAs":["https:\/\/www.facebook.com\/murcia.adaner\/?locale=es_ES","https:\/\/x.com\/Adanermurcia"]}]}},"jetpack_sharing_enabled":true,"_links":{"self":[{"href":"https:\/\/adanermurcia.com\/index.php\/wp-json\/wp\/v2\/pages\/49"}],"collection":[{"href":"https:\/\/adanermurcia.com\/index.php\/wp-json\/wp\/v2\/pages"}],"about":[{"href":"https:\/\/adanermurcia.com\/index.php\/wp-json\/wp\/v2\/types\/page"}],"author":[{"embeddable":true,"href":"https:\/\/adanermurcia.com\/index.php\/wp-json\/wp\/v2\/users\/1"}],"replies":[{"embeddable":true,"href":"https:\/\/adanermurcia.com\/index.php\/wp-json\/wp\/v2\/comments?post=49"}],"version-history":[{"count":14,"href":"https:\/\/adanermurcia.com\/index.php\/wp-json\/wp\/v2\/pages\/49\/revisions"}],"predecessor-version":[{"id":895,"href":"https:\/\/adanermurcia.com\/index.php\/wp-json\/wp\/v2\/pages\/49\/revisions\/895"}],"wp:attachment":[{"href":"https:\/\/adanermurcia.com\/index.php\/wp-json\/wp\/v2\/media?parent=49"}],"curies":[{"name":"wp","href":"https:\/\/api.w.org\/{rel}","templated":true}]}}